{"id":231,"date":"2020-10-03T17:14:03","date_gmt":"2020-10-03T17:14:03","guid":{"rendered":"https:\/\/avadawebsites.wpengine.com\/psychology\/?page_id=231"},"modified":"2024-07-05T07:59:13","modified_gmt":"2024-07-05T07:59:13","slug":"sobre-nosotros","status":"publish","type":"page","link":"https:\/\/ecouteraudio.com\/ca\/sobre-nosotros\/","title":{"rendered":"Sobre nosaltres"},"content":{"rendered":"<p><div class=\"fusion-fullwidth fullwidth-box fusion-builder-row-1 fusion-flex-container nonhundred-percent-fullwidth non-hundred-percent-height-scrolling fusion-animated\" style=\"--awb-border-radius-top-left:0px;--awb-border-radius-top-right:0px;--awb-border-radius-bottom-right:0px;--awb-border-radius-bottom-left:0px;--awb-padding-top:2vw;--awb-padding-bottom:7vw;--awb-padding-top-small:0px;--awb-padding-right-small:12vw;--awb-padding-bottom-small:12vw;--awb-padding-left-small:12vw;--awb-flex-wrap:wrap;\" data-animationtype=\"fadeInUp\" data-animationduration=\"1.2\" data-animationoffset=\"top-into-view\" ><div class=\"fusion-builder-row fusion-row fusion-flex-align-items-flex-start fusion-flex-content-wrap\" style=\"max-width:1365px;margin-left: calc(-5% \/ 2 );margin-right: calc(-5% \/ 2 );\"><div class=\"fusion-layout-column fusion_builder_column fusion-builder-column-0 fusion_builder_column_1_3 1_3 fusion-flex-column\" style=\"--awb-bg-blend:overlay;--awb-bg-size:cover;--awb-width-large:33.333333333333%;--awb-margin-top-large:0px;--awb-spacing-right-large:5.7%;--awb-margin-bottom-large:0px;--awb-spacing-left-large:7.125%;--awb-width-medium:33.333333333333%;--awb-spacing-right-medium:5.7%;--awb-spacing-left-medium:7.125%;--awb-width-small:100%;--awb-spacing-right-small:2.375%;--awb-spacing-left-small:2.375%;\"><div class=\"fusion-column-wrapper fusion-flex-justify-content-flex-start fusion-content-layout-column\"><div class=\"fusion-title title fusion-title-1 fusion-sep-none fusion-title-text fusion-title-size-three\"><h3 class=\"fusion-title-heading title-heading-left\" style=\"margin:0;line-height:1.3em;\"><div class=\"page\" title=\"Page 4\">\n<div class=\"layoutArea\">\n<div class=\"column\">\n<p>En el nostre centre auditiu Ecouter, comptem amb una llarga i reeixida traject\u00f2ria brindant als nostres clients els millors serveis i productes.<\/p>\n<\/div>\n<\/div>\n<\/div><\/h3><\/div><\/div><\/div><div class=\"fusion-layout-column fusion_builder_column fusion-builder-column-1 fusion_builder_column_1_3 1_3 fusion-flex-column\" style=\"--awb-padding-top:10px;--awb-bg-blend:overlay;--awb-bg-size:cover;--awb-width-large:33.333333333333%;--awb-margin-top-large:0px;--awb-spacing-right-large:5.7%;--awb-margin-bottom-large:0px;--awb-spacing-left-large:5.7%;--awb-width-medium:33.333333333333%;--awb-spacing-right-medium:5.7%;--awb-spacing-left-medium:5.7%;--awb-width-small:100%;--awb-spacing-right-small:2.375%;--awb-spacing-left-small:2.375%;\"><div class=\"fusion-column-wrapper fusion-flex-justify-content-flex-start fusion-content-layout-column\"><div class=\"fusion-text fusion-text-1\" style=\"--awb-font-size:14px;\"><div class=\"page\" title=\"Page 4\">\n<div class=\"layoutArea\">\n<div class=\"column\">\n<p>El nostre principal objectiu \u00e9s ajudar-te a aconseguir solucions factibles i concordes a la teva salut auditiva<\/p>\n<\/div>\n<\/div>\n<\/div>\n<div class=\"page\" title=\"Page 5\">\n<div class=\"layoutArea\">\n<div class=\"column\">\n<p>Per a aix\u00f2 comptem amb professionals altament capacitats en l'\u00e0rea que et brindaran la millor atenci\u00f3. Aix\u00f2 no sols a l'hora d'adquirir algun audi\u00f2fon o accessori, sin\u00f3 tamb\u00e9 durant tot el proc\u00e9s. Parlem de proves audiom\u00e9tricas, adaptacions, assessorament i, per descomptat, l'oportuna resposta.<\/p>\n<\/div>\n<\/div>\n<\/div>\n<\/div><\/div><\/div><div class=\"fusion-layout-column fusion_builder_column fusion-builder-column-2 fusion_builder_column_1_3 1_3 fusion-flex-column\" style=\"--awb-padding-top:10px;--awb-bg-blend:overlay;--awb-bg-size:cover;--awb-width-large:33.333333333333%;--awb-margin-top-large:0px;--awb-spacing-right-large:7.125%;--awb-margin-bottom-large:0px;--awb-spacing-left-large:5.7%;--awb-width-medium:33.333333333333%;--awb-spacing-right-medium:7.125%;--awb-spacing-left-medium:5.7%;--awb-width-small:100%;--awb-spacing-right-small:2.375%;--awb-spacing-left-small:2.375%;\"><div class=\"fusion-column-wrapper fusion-flex-justify-content-flex-start fusion-content-layout-column\"><div class=\"fusion-text fusion-text-2\" style=\"--awb-font-size:14px;\"><div class=\"page\" title=\"Page 5\">\n<div class=\"layoutArea\">\n<div class=\"column\">\n<p>\u00c9s important recordar que l'audici\u00f3 \u00e9s essencial per al desenvolupament de les persones. L'o\u00efda \u00e9s l'\u00f2rgan que permet el correcte desenvolupament tant de la parla (per a emetre sons) com del llenguatge (per a comprendre i usar els sons).<\/p>\n<p>En tal sentit, patir de problemes auditius desmillorament la qualitat de vida de qui sofreix aquesta situaci\u00f3. Per aix\u00f2, en Ecouter ens especialitzem a brindar-te solucions oportunes perqu\u00e8 puguis portar la teva vida de la millor manera possible.<\/p>\n<\/div>\n<\/div>\n<\/div>\n<\/div><\/div><\/div><\/div><\/div><div class=\"fusion-fullwidth fullwidth-box fusion-builder-row-2 fusion-flex-container hundred-percent-fullwidth non-hundred-percent-height-scrolling\" style=\"--awb-border-color:var(--awb-color4);--awb-border-radius-top-left:0px;--awb-border-radius-top-right:0px;--awb-border-radius-bottom-right:0px;--awb-border-radius-bottom-left:0px;--awb-padding-top:0px;--awb-padding-right:0px;--awb-padding-bottom:0px;--awb-padding-left:0px;--awb-margin-bottom:0px;--awb-background-color:var(--awb-color2);--awb-flex-wrap:wrap;\" ><div class=\"fusion-builder-row fusion-row fusion-flex-align-items-stretch fusion-flex-content-wrap\" style=\"width:calc( 100% + 0px ) !important;max-width:calc( 100% + 0px ) !important;margin-left: calc(-0px \/ 2 );margin-right: calc(-0px \/ 2 );\"><div class=\"fusion-layout-column fusion_builder_column fusion-builder-column-3 fusion_builder_column_1_2 1_2 fusion-flex-column\" style=\"--awb-bg-position:center center;--awb-bg-size:cover;--awb-width-large:50%;--awb-margin-top-large:0px;--awb-spacing-right-large:0;--awb-margin-bottom-large:0px;--awb-spacing-left-large:0;--awb-width-medium:50%;--awb-order-medium:0;--awb-spacing-right-medium:0;--awb-spacing-left-medium:0;--awb-width-small:100%;--awb-order-small:0;--awb-spacing-right-small:0;--awb-spacing-left-small:0;\" data-motion-effects=\"[{&quot;type&quot;:&quot;&quot;,&quot;scroll_type&quot;:&quot;transition&quot;,&quot;scroll_direction&quot;:&quot;up&quot;,&quot;transition_speed&quot;:&quot;1&quot;,&quot;fade_type&quot;:&quot;in&quot;,&quot;scale_type&quot;:&quot;up&quot;,&quot;initial_scale&quot;:&quot;1&quot;,&quot;max_scale&quot;:&quot;1.5&quot;,&quot;min_scale&quot;:&quot;0.5&quot;,&quot;initial_rotate&quot;:&quot;0&quot;,&quot;end_rotate&quot;:&quot;30&quot;,&quot;initial_blur&quot;:&quot;0&quot;,&quot;end_blur&quot;:&quot;3&quot;,&quot;start_element&quot;:&quot;top&quot;,&quot;start_viewport&quot;:&quot;bottom&quot;,&quot;end_element&quot;:&quot;bottom&quot;,&quot;end_viewport&quot;:&quot;top&quot;,&quot;mouse_effect&quot;:&quot;track&quot;,&quot;mouse_effect_direction&quot;:&quot;opposite&quot;,&quot;mouse_effect_speed&quot;:&quot;2&quot;,&quot;infinite_animation&quot;:&quot;float&quot;,&quot;infinite_animation_speed&quot;:&quot;2&quot;}]\" data-scroll-devices=\"small-visibility,medium-visibility,large-visibility\"><div class=\"fusion-column-wrapper lazyload fusion-column-has-shadow fusion-flex-justify-content-flex-start fusion-content-layout-column fusion-empty-column-bg-image fusion-column-has-bg-image\" data-bg-url=\"https:\/\/ecouteraudio.com\/wp-content\/uploads\/2024\/02\/IMG_77513501-scaled.jpg\" data-bg=\"https:\/\/ecouteraudio.com\/wp-content\/uploads\/2024\/02\/IMG_77513501-scaled.jpg\"><img decoding=\"async\" class=\"fusion-empty-dims-img-placeholder fusion-no-large-visibility fusion-no-medium-visibility\" src=\"data:image\/svg+xml,%3Csvg%20xmlns%3D%27http%3A%2F%2Fwww.w3.org%2F2000%2Fsvg%27%20width%3D%272560%27%20height%3D%271920%27%20viewBox%3D%270%200%202560%201920%27%3E%3Crect%20width%3D%272560%27%20height%3D%271920%27%20fill-opacity%3D%220%22%2F%3E%3C%2Fsvg%3E\"><\/div><\/div><div class=\"fusion-layout-column fusion_builder_column fusion-builder-column-4 fusion_builder_column_1_2 1_2 fusion-flex-column\" style=\"--awb-padding-top:13vh;--awb-padding-right:6vw;--awb-padding-bottom:13vh;--awb-padding-left:6vw;--awb-padding-top-medium:8vw;--awb-padding-bottom-medium:8vw;--awb-padding-top-small:10vh;--awb-padding-bottom-small:10vh;--awb-bg-size:cover;--awb-border-color:var(--awb-color4);--awb-border-style:solid;--awb-width-large:50%;--awb-margin-top-large:0px;--awb-spacing-right-large:0;--awb-margin-bottom-large:0px;--awb-spacing-left-large:0;--awb-width-medium:50%;--awb-order-medium:0;--awb-spacing-right-medium:0;--awb-spacing-left-medium:0;--awb-width-small:100%;--awb-order-small:1;--awb-spacing-right-small:0;--awb-spacing-left-small:0;\"><div class=\"fusion-column-wrapper fusion-column-has-shadow fusion-flex-justify-content-flex-start fusion-content-layout-column\"><div class=\"fusion-text fusion-text-3\" style=\"--awb-content-alignment:center;--awb-font-size:var(--awb-typography2-font-size);--awb-line-height:var(--awb-typography2-line-height);--awb-letter-spacing:var(--awb-typography2-letter-spacing);--awb-text-transform:var(--awb-typography2-text-transform);--awb-text-color:var(--awb-color5);--awb-text-font-family:var(--awb-typography2-font-family);--awb-text-font-weight:var(--awb-typography2-font-weight);--awb-text-font-style:var(--awb-typography2-font-style);\"><p>TROBA'NS AQU\u00cd<\/p>\n<\/div><div class=\"fusion-title title fusion-title-2 fusion-no-large-visibility fusion-sep-none fusion-title-center fusion-title-text fusion-title-size-two\" style=\"--awb-margin-bottom:30px;--awb-margin-bottom-small:25px;--awb-font-size:48px;\"><h2 class=\"fusion-title-heading title-heading-center\" style=\"margin:0;font-size:1em;\"><div class=\"page\" title=\"Page 5\">\n<div class=\"layoutArea\">\n<div class=\"column\">\n<p>Veuen a con\u00e8ixer les nostres instal\u00b7lacions a Granollers, Barcelona<\/p>\n<\/div>\n<\/div>\n<\/div><\/h2><\/div><div class=\"fusion-title title fusion-title-3 fusion-no-small-visibility fusion-no-medium-visibility fusion-sep-none fusion-title-center fusion-title-text fusion-title-size-two\" style=\"--awb-margin-bottom:30px;--awb-font-size:46px;\"><h2 class=\"fusion-title-heading title-heading-center\" style=\"margin:0;font-size:1em;line-height:1.3;\"><div class=\"page\" title=\"Page 5\">\n<div class=\"layoutArea\">\n<div class=\"column\">\n<p>Veuen a con\u00e8ixer les nostres instal\u00b7lacions a Granollers, Barcelona<\/p>\n<\/div>\n<\/div>\n<\/div><\/h2><\/div><div class=\"fusion-text fusion-text-4\" style=\"--awb-content-alignment:center;\"><div class=\"page\" title=\"Page 5\">\n<div class=\"layoutArea\">\n<div class=\"column\">\n<p>Amb nosaltres podr\u00e0s tornar a gaudir plenament de la teva salut auditiva i sense cap mena de preocupaci\u00f3, ni mol\u00e8sties. I \u00e9s que els audi\u00f2fons i accessoris que et proporcionarem t'ajudaran significativament a millorar la teva audici\u00f3.<\/p>\n<\/div>\n<\/div>\n<\/div>\n<\/div><div style=\"text-align:center;\"><a class=\"fusion-button button-flat button-xlarge button-custom fusion-button-default button-1 fusion-button-default-span fusion-button-default-type\" style=\"--button_accent_color:var(--awb-color5);--button_border_color:var(--awb-color5);--button_accent_hover_color:var(--awb-color1);--button_border_hover_color:var(--awb-color5);--button_border_width-top:1px;--button_border_width-right:1px;--button_border_width-bottom:1px;--button_border_width-left:1px;--button_gradient_top_color:var(--awb-color1);--button_gradient_bottom_color:var(--awb-color1);--button_gradient_top_color_hover:var(--awb-color5);--button_gradient_bottom_color_hover:var(--awb-color5);--button_margin-top:40px;\" target=\"_blank\" rel=\"noopener noreferrer\" href=\"https:\/\/calendly.com\/ecouteraudio\"><span class=\"fusion-button-text\">Demana la teva cita ara<\/span><\/a><\/div><\/div><\/div><\/div><\/div><div class=\"fusion-fullwidth fullwidth-box fusion-builder-row-3 fusion-flex-container has-pattern-background has-mask-background hundred-percent-fullwidth non-hundred-percent-height-scrolling\" style=\"--awb-border-color:var(--awb-color4);--awb-border-radius-top-left:0px;--awb-border-radius-top-right:0px;--awb-border-radius-bottom-right:0px;--awb-border-radius-bottom-left:0px;--awb-padding-top:0px;--awb-padding-right:0px;--awb-padding-bottom:0px;--awb-padding-left:0px;--awb-margin-bottom:0px;--awb-background-color:var(--awb-color1);--awb-flex-wrap:wrap;\" ><div class=\"fusion-builder-row fusion-row fusion-flex-align-items-stretch fusion-flex-content-wrap\" style=\"width:calc( 100% + 0px ) !important;max-width:calc( 100% + 0px ) !important;margin-left: calc(-0px \/ 2 );margin-right: calc(-0px \/ 2 );\"><div class=\"fusion-layout-column fusion_builder_column fusion-builder-column-5 fusion_builder_column_1_2 1_2 fusion-flex-column\" style=\"--awb-padding-top:13vh;--awb-padding-right:6vw;--awb-padding-bottom:13vh;--awb-padding-left:6vw;--awb-padding-top-medium:8vw;--awb-padding-bottom-medium:8vw;--awb-padding-top-small:10vh;--awb-padding-bottom-small:10vh;--awb-bg-size:cover;--awb-border-color:var(--awb-color4);--awb-border-style:solid;--awb-width-large:50%;--awb-margin-top-large:0px;--awb-spacing-right-large:0;--awb-margin-bottom-large:0px;--awb-spacing-left-large:0;--awb-width-medium:50%;--awb-order-medium:0;--awb-spacing-right-medium:0;--awb-spacing-left-medium:0;--awb-width-small:100%;--awb-order-small:1;--awb-spacing-right-small:0;--awb-spacing-left-small:0;\"><div class=\"fusion-column-wrapper fusion-column-has-shadow fusion-flex-justify-content-flex-start fusion-content-layout-column\"><div class=\"fusion-text fusion-text-5\" style=\"--awb-content-alignment:center;--awb-font-size:var(--awb-typography2-font-size);--awb-line-height:var(--awb-typography2-line-height);--awb-letter-spacing:var(--awb-typography2-letter-spacing);--awb-text-transform:var(--awb-typography2-text-transform);--awb-text-color:var(--awb-color5);--awb-text-font-family:var(--awb-typography2-font-family);--awb-text-font-weight:var(--awb-typography2-font-weight);--awb-text-font-style:var(--awb-typography2-font-style);\"><p>NO DUBTIS A VISITAR-NOS<\/p>\n<\/div><div class=\"fusion-title title fusion-title-4 fusion-no-small-visibility fusion-no-medium-visibility fusion-sep-none fusion-title-center fusion-title-text fusion-title-size-two\" style=\"--awb-margin-bottom:30px;--awb-font-size:46px;\"><h2 class=\"fusion-title-heading title-heading-center\" style=\"margin:0;font-size:1em;line-height:1.3;\"><div class=\"page\" title=\"Page 5\">\n<div class=\"layoutArea\">\n<div class=\"column\">\n<p>\u00a0Plaza de la Caserna, 7 08401 Granollers, Barcelona.<\/p>\n<\/div>\n<\/div>\n<\/div><\/h2><\/div><div class=\"fusion-text fusion-text-6\" style=\"--awb-content-alignment:center;\"><div class=\"page\" title=\"Page 5\">\n<div class=\"layoutArea\">\n<div class=\"column\">\n<p>Comptem amb instal\u00b7lacions d'\u00faltima generaci\u00f3, d'aquesta manera procedim a efectuar les proves de manera precisa i garantim de confian\u00e7a resultats. A m\u00e9s, els nostres espais s\u00f3n completament confortables i assegurances.<\/p>\n<p>Amb nosaltres podr\u00e0s tornar a gaudir plenament de la teva salut auditiva i sense cap mena de preocupaci\u00f3, ni mol\u00e8sties.<\/p>\n<\/div>\n<\/div>\n<\/div>\n<\/div><div style=\"text-align:center;\"><a class=\"fusion-button button-flat button-xlarge button-custom fusion-button-default button-2 fusion-button-default-span fusion-button-default-type\" style=\"--button_accent_color:var(--awb-color5);--button_border_color:var(--awb-color5);--button_accent_hover_color:var(--awb-color1);--button_border_hover_color:var(--awb-color5);--button_border_width-top:1px;--button_border_width-right:1px;--button_border_width-bottom:1px;--button_border_width-left:1px;--button_gradient_top_color:var(--awb-color1);--button_gradient_bottom_color:var(--awb-color1);--button_gradient_top_color_hover:var(--awb-color5);--button_gradient_bottom_color_hover:var(--awb-color5);--button_margin-top:40px;\" target=\"_blank\" rel=\"noopener noreferrer\" href=\"https:\/\/calendly.com\/ecouteraudio\"><span class=\"fusion-button-text\">Demana la teva cita ara<\/span><\/a><\/div><\/div><\/div><div class=\"fusion-layout-column fusion_builder_column fusion-builder-column-6 fusion_builder_column_1_2 1_2 fusion-flex-column\" style=\"--awb-bg-position:center center;--awb-bg-size:cover;--awb-width-large:50%;--awb-margin-top-large:0px;--awb-spacing-right-large:0;--awb-margin-bottom-large:0px;--awb-spacing-left-large:0;--awb-width-medium:50%;--awb-order-medium:0;--awb-spacing-right-medium:0;--awb-spacing-left-medium:0;--awb-width-small:100%;--awb-order-small:0;--awb-spacing-right-small:0;--awb-spacing-left-small:0;\" data-motion-effects=\"[{&quot;type&quot;:&quot;&quot;,&quot;scroll_type&quot;:&quot;transition&quot;,&quot;scroll_direction&quot;:&quot;up&quot;,&quot;transition_speed&quot;:&quot;1&quot;,&quot;fade_type&quot;:&quot;in&quot;,&quot;scale_type&quot;:&quot;up&quot;,&quot;initial_scale&quot;:&quot;1&quot;,&quot;max_scale&quot;:&quot;1.5&quot;,&quot;min_scale&quot;:&quot;0.5&quot;,&quot;initial_rotate&quot;:&quot;0&quot;,&quot;end_rotate&quot;:&quot;30&quot;,&quot;initial_blur&quot;:&quot;0&quot;,&quot;end_blur&quot;:&quot;3&quot;,&quot;start_element&quot;:&quot;top&quot;,&quot;start_viewport&quot;:&quot;bottom&quot;,&quot;end_element&quot;:&quot;bottom&quot;,&quot;end_viewport&quot;:&quot;top&quot;,&quot;mouse_effect&quot;:&quot;track&quot;,&quot;mouse_effect_direction&quot;:&quot;opposite&quot;,&quot;mouse_effect_speed&quot;:&quot;2&quot;,&quot;infinite_animation&quot;:&quot;float&quot;,&quot;infinite_animation_speed&quot;:&quot;2&quot;}]\" data-scroll-devices=\"small-visibility,medium-visibility,large-visibility\"><div class=\"fusion-column-wrapper fusion-column-has-shadow fusion-flex-justify-content-flex-start fusion-content-layout-column\"><div class=\"shortcode-map fusion-google-map fusion-maps-embed-type\"><iframe width=\"100%\" height=\"700px\" frameborder=\"0\" style=\"border:0\" src=\"https:\/\/www.google.com\/maps\/embed\/v1\/place?key=AIzaSyD1m9WeuWuRWhLYc4tDOIzCMYd0yBo_SCs&language=ca&q=Plaza+de+la+Caserna,+7+08401+Granollers&maptype=roadmap&zoom=14\" allowfullscreen><\/iframe><\/div><\/div><\/div><\/div><\/div><\/p>","protected":false},"excerpt":{"rendered":"","protected":false},"author":2,"featured_media":2573,"parent":0,"menu_order":0,"comment_status":"closed","ping_status":"closed","template":"100-width.php","meta":{"content-type":"","footnotes":""},"class_list":["post-231","page","type-page","status-publish","has-post-thumbnail","hentry"],"yoast_head":"<!-- This site is optimized with the Yoast SEO plugin v26.0 - https:\/\/yoast.com\/wordpress\/plugins\/seo\/ -->\n<title>Sobre nosotros - ecouter<\/title>\n<meta name=\"robots\" content=\"index, follow, max-snippet:-1, max-image-preview:large, max-video-preview:-1\" \/>\n<link rel=\"canonical\" href=\"https:\/\/ecouteraudio.com\/ca\/sobre-nosotros\/\" \/>\n<meta property=\"og:locale\" content=\"ca_ES\" \/>\n<meta property=\"og:type\" content=\"article\" \/>\n<meta property=\"og:title\" content=\"Sobre nosotros - ecouter\" \/>\n<meta property=\"og:url\" content=\"https:\/\/ecouteraudio.com\/ca\/sobre-nosotros\/\" \/>\n<meta property=\"og:site_name\" content=\"ecouter\" \/>\n<meta property=\"article:publisher\" content=\"https:\/\/www.facebook.com\/profile.php?id=61554234953282\" \/>\n<meta property=\"article:modified_time\" content=\"2024-07-05T07:59:13+00:00\" \/>\n<meta property=\"og:image\" content=\"https:\/\/ecouteraudio.com\/wp-content\/uploads\/2024\/02\/shutterstock_2199236077-scaled-e1708346338784.jpg\" \/>\n\t<meta property=\"og:image:width\" content=\"2500\" \/>\n\t<meta property=\"og:image:height\" content=\"1190\" \/>\n\t<meta property=\"og:image:type\" content=\"image\/jpeg\" \/>\n<meta name=\"twitter:card\" content=\"summary_large_image\" \/>\n<meta name=\"twitter:label1\" content=\"Temps estimat de lectura\" \/>\n\t<meta name=\"twitter:data1\" content=\"2 minuts\" \/>\n<script type=\"application\/ld+json\" class=\"yoast-schema-graph\">{\"@context\":\"https:\/\/schema.org\",\"@graph\":[{\"@type\":\"WebPage\",\"@id\":\"https:\/\/ecouteraudio.com\/sobre-nosotros\/\",\"url\":\"https:\/\/ecouteraudio.com\/sobre-nosotros\/\",\"name\":\"Sobre nosotros - ecouter\",\"isPartOf\":{\"@id\":\"https:\/\/ecouteraudio.com\/#website\"},\"primaryImageOfPage\":{\"@id\":\"https:\/\/ecouteraudio.com\/sobre-nosotros\/#primaryimage\"},\"image\":{\"@id\":\"https:\/\/ecouteraudio.com\/sobre-nosotros\/#primaryimage\"},\"thumbnailUrl\":\"https:\/\/ecouteraudio.com\/wp-content\/uploads\/2024\/02\/shutterstock_2199236077-scaled-e1708346338784.jpg\",\"datePublished\":\"2020-10-03T17:14:03+00:00\",\"dateModified\":\"2024-07-05T07:59:13+00:00\",\"breadcrumb\":{\"@id\":\"https:\/\/ecouteraudio.com\/sobre-nosotros\/#breadcrumb\"},\"inLanguage\":\"ca\",\"potentialAction\":[{\"@type\":\"ReadAction\",\"target\":[\"https:\/\/ecouteraudio.com\/sobre-nosotros\/\"]}]},{\"@type\":\"ImageObject\",\"inLanguage\":\"ca\",\"@id\":\"https:\/\/ecouteraudio.com\/sobre-nosotros\/#primaryimage\",\"url\":\"https:\/\/ecouteraudio.com\/wp-content\/uploads\/2024\/02\/shutterstock_2199236077-scaled-e1708346338784.jpg\",\"contentUrl\":\"https:\/\/ecouteraudio.com\/wp-content\/uploads\/2024\/02\/shutterstock_2199236077-scaled-e1708346338784.jpg\",\"width\":2500,\"height\":1190},{\"@type\":\"BreadcrumbList\",\"@id\":\"https:\/\/ecouteraudio.com\/sobre-nosotros\/#breadcrumb\",\"itemListElement\":[{\"@type\":\"ListItem\",\"position\":1,\"name\":\"Portada\",\"item\":\"https:\/\/ecouteraudio.com\/\"},{\"@type\":\"ListItem\",\"position\":2,\"name\":\"Sobre nosotros\"}]},{\"@type\":\"WebSite\",\"@id\":\"https:\/\/ecouteraudio.com\/#website\",\"url\":\"https:\/\/ecouteraudio.com\/\",\"name\":\"ecouter\",\"description\":\"Centro Auditivo\",\"publisher\":{\"@id\":\"https:\/\/ecouteraudio.com\/#organization\"},\"potentialAction\":[{\"@type\":\"SearchAction\",\"target\":{\"@type\":\"EntryPoint\",\"urlTemplate\":\"https:\/\/ecouteraudio.com\/?s={search_term_string}\"},\"query-input\":{\"@type\":\"PropertyValueSpecification\",\"valueRequired\":true,\"valueName\":\"search_term_string\"}}],\"inLanguage\":\"ca\"},{\"@type\":\"Organization\",\"@id\":\"https:\/\/ecouteraudio.com\/#organization\",\"name\":\"ecouter\",\"url\":\"https:\/\/ecouteraudio.com\/\",\"logo\":{\"@type\":\"ImageObject\",\"inLanguage\":\"ca\",\"@id\":\"https:\/\/ecouteraudio.com\/#\/schema\/logo\/image\/\",\"url\":\"https:\/\/ecouteraudio.com\/wp-content\/uploads\/2024\/02\/cropped-imgpsh_fullsize_anim-157.png\",\"contentUrl\":\"https:\/\/ecouteraudio.com\/wp-content\/uploads\/2024\/02\/cropped-imgpsh_fullsize_anim-157.png\",\"width\":512,\"height\":512,\"caption\":\"ecouter\"},\"image\":{\"@id\":\"https:\/\/ecouteraudio.com\/#\/schema\/logo\/image\/\"},\"sameAs\":[\"https:\/\/www.facebook.com\/profile.php?id=61554234953282\",\"https:\/\/www.instagram.com\/ecouteraudio\/\"]}]}<\/script>\n<!-- \/ Yoast SEO plugin. -->","yoast_head_json":{"title":"Sobre nosotros - ecouter","robots":{"index":"index","follow":"follow","max-snippet":"max-snippet:-1","max-image-preview":"max-image-preview:large","max-video-preview":"max-video-preview:-1"},"canonical":"https:\/\/ecouteraudio.com\/ca\/sobre-nosotros\/","og_locale":"ca_ES","og_type":"article","og_title":"Sobre nosotros - ecouter","og_url":"https:\/\/ecouteraudio.com\/ca\/sobre-nosotros\/","og_site_name":"ecouter","article_publisher":"https:\/\/www.facebook.com\/profile.php?id=61554234953282","article_modified_time":"2024-07-05T07:59:13+00:00","og_image":[{"width":2500,"height":1190,"url":"https:\/\/ecouteraudio.com\/wp-content\/uploads\/2024\/02\/shutterstock_2199236077-scaled-e1708346338784.jpg","type":"image\/jpeg"}],"twitter_card":"summary_large_image","twitter_misc":{"Temps estimat de lectura":"2 minuts"},"schema":{"@context":"https:\/\/schema.org","@graph":[{"@type":"WebPage","@id":"https:\/\/ecouteraudio.com\/sobre-nosotros\/","url":"https:\/\/ecouteraudio.com\/sobre-nosotros\/","name":"Sobre nosotros - ecouter","isPartOf":{"@id":"https:\/\/ecouteraudio.com\/#website"},"primaryImageOfPage":{"@id":"https:\/\/ecouteraudio.com\/sobre-nosotros\/#primaryimage"},"image":{"@id":"https:\/\/ecouteraudio.com\/sobre-nosotros\/#primaryimage"},"thumbnailUrl":"https:\/\/ecouteraudio.com\/wp-content\/uploads\/2024\/02\/shutterstock_2199236077-scaled-e1708346338784.jpg","datePublished":"2020-10-03T17:14:03+00:00","dateModified":"2024-07-05T07:59:13+00:00","breadcrumb":{"@id":"https:\/\/ecouteraudio.com\/sobre-nosotros\/#breadcrumb"},"inLanguage":"ca","potentialAction":[{"@type":"ReadAction","target":["https:\/\/ecouteraudio.com\/sobre-nosotros\/"]}]},{"@type":"ImageObject","inLanguage":"ca","@id":"https:\/\/ecouteraudio.com\/sobre-nosotros\/#primaryimage","url":"https:\/\/ecouteraudio.com\/wp-content\/uploads\/2024\/02\/shutterstock_2199236077-scaled-e1708346338784.jpg","contentUrl":"https:\/\/ecouteraudio.com\/wp-content\/uploads\/2024\/02\/shutterstock_2199236077-scaled-e1708346338784.jpg","width":2500,"height":1190},{"@type":"BreadcrumbList","@id":"https:\/\/ecouteraudio.com\/sobre-nosotros\/#breadcrumb","itemListElement":[{"@type":"ListItem","position":1,"name":"Portada","item":"https:\/\/ecouteraudio.com\/"},{"@type":"ListItem","position":2,"name":"Sobre nosotros"}]},{"@type":"WebSite","@id":"https:\/\/ecouteraudio.com\/#website","url":"https:\/\/ecouteraudio.com\/","name":"ecouter","description":"Centro Auditivo","publisher":{"@id":"https:\/\/ecouteraudio.com\/#organization"},"potentialAction":[{"@type":"SearchAction","target":{"@type":"EntryPoint","urlTemplate":"https:\/\/ecouteraudio.com\/?s={search_term_string}"},"query-input":{"@type":"PropertyValueSpecification","valueRequired":true,"valueName":"search_term_string"}}],"inLanguage":"ca"},{"@type":"Organization","@id":"https:\/\/ecouteraudio.com\/#organization","name":"ecouter","url":"https:\/\/ecouteraudio.com\/","logo":{"@type":"ImageObject","inLanguage":"ca","@id":"https:\/\/ecouteraudio.com\/#\/schema\/logo\/image\/","url":"https:\/\/ecouteraudio.com\/wp-content\/uploads\/2024\/02\/cropped-imgpsh_fullsize_anim-157.png","contentUrl":"https:\/\/ecouteraudio.com\/wp-content\/uploads\/2024\/02\/cropped-imgpsh_fullsize_anim-157.png","width":512,"height":512,"caption":"ecouter"},"image":{"@id":"https:\/\/ecouteraudio.com\/#\/schema\/logo\/image\/"},"sameAs":["https:\/\/www.facebook.com\/profile.php?id=61554234953282","https:\/\/www.instagram.com\/ecouteraudio\/"]}]}},"_links":{"self":[{"href":"https:\/\/ecouteraudio.com\/ca\/wp-json\/wp\/v2\/pages\/231","targetHints":{"allow":["GET"]}}],"collection":[{"href":"https:\/\/ecouteraudio.com\/ca\/wp-json\/wp\/v2\/pages"}],"about":[{"href":"https:\/\/ecouteraudio.com\/ca\/wp-json\/wp\/v2\/types\/page"}],"author":[{"embeddable":true,"href":"https:\/\/ecouteraudio.com\/ca\/wp-json\/wp\/v2\/users\/2"}],"replies":[{"embeddable":true,"href":"https:\/\/ecouteraudio.com\/ca\/wp-json\/wp\/v2\/comments?post=231"}],"version-history":[{"count":16,"href":"https:\/\/ecouteraudio.com\/ca\/wp-json\/wp\/v2\/pages\/231\/revisions"}],"predecessor-version":[{"id":2749,"href":"https:\/\/ecouteraudio.com\/ca\/wp-json\/wp\/v2\/pages\/231\/revisions\/2749"}],"wp:featuredmedia":[{"embeddable":true,"href":"https:\/\/ecouteraudio.com\/ca\/wp-json\/wp\/v2\/media\/2573"}],"wp:attachment":[{"href":"https:\/\/ecouteraudio.com\/ca\/wp-json\/wp\/v2\/media?parent=231"}],"curies":[{"name":"wp","href":"https:\/\/api.w.org\/{rel}","templated":true}]}}